{"id":47,"date":"2026-05-03T13:22:29","date_gmt":"2026-05-03T13:22:29","guid":{"rendered":"https:\/\/entoweb.dk\/?page_id=47"},"modified":"2026-05-03T13:22:31","modified_gmt":"2026-05-03T13:22:31","slug":"om-os","status":"publish","type":"page","link":"https:\/\/entoweb.dk\/?page_id=47","title":{"rendered":"Om os"},"content":{"rendered":"\n<p>Dette websted opstod af ren frustration. N\u00e5r man s\u00f8ger efter en edderkop, man fandt i sommerhuset, eller en bille, der fl\u00f8j ind ad vinduet om natten, st\u00f8der man som regel p\u00e5 t\u00f8rre lister eller skoleopgavelignende tekster. Ingen liv i det. Ingen forklaring p\u00e5, hvorfor det overhovedet er interessant. Vi l\u00e6ste den slags tekster og t\u00e6nkte: hvad er egentlig pointen med det her.<\/p>\n\n\n\n<p>Vi ville g\u00f8re det anderledes.<\/p>\n\n\n\n<p>Leddyr udg\u00f8r cirka 80% af alle dyrearter p\u00e5 planeten. Firs procent. Edderkopper har eksisteret i 380 millioner \u00e5r &#8211; l\u00e6nge f\u00f8r dinosaurerne. Skorpioner har n\u00e6sten ikke \u00e6ndret sig i 430 millioner \u00e5r. En myrekoloni koordinerer tusindvis af individer uden central styring. Termitter bygger konstruktioner op til 9 meter h\u00f8je med intern ventilation, der holder temperaturen inden for \u00e9n grad. Guldsmede opsnapper bytte i luften med 95% pr\u00e6cision &#8211; det bedste resultat blandt alle kendte rovdyr. Det er ikke bare fakta til en l\u00e6rebog. Bag hver enkelt ligger en biologi, vi kun lige er begyndt at forst\u00e5.<\/p>\n\n\n\n<p>Vi er nogle stykker her. En entomolog med felterfaring fra Centralasien og Syd\u00f8stasien. En biolog, der arbejder med arachnider og mener, at chelicerater ufortjent bliver overskygget af insekter. Nogle mennesker, der engang k\u00f8bte det f\u00f8rste terrarium med en tarantel og ikke kunne stoppe &#8211; en af os har nu over 40 eksemplarer af forskellige arter derhjemme. Vi skriver om det, vi ved. Hvis vi ikke ved det &#8211; siger vi det direkte, i stedet for at fylde hullerne med tomme fraser.<\/p>\n\n\n\n<p>P\u00e5 webstedet finder du artsbestemmere med detaljerede beskrivelser af ydre kendetegn. Vi gennemg\u00e5r adf\u00e6rd, biologi, udbredelsesomr\u00e5der, jagtmetoder og formering. Vi besvarer sp\u00f8rgsm\u00e5l, som folk faktisk stiller: er denne edderkop farlig, hvad g\u00f8r man hvis en hveps stikker, hvad spiser en kn\u00e6lende blid i fangenskab, hvordan skelner man en skolopender fra en tusindben &#8211; og om man overhovedet skal v\u00e6re bange for dem. Nogle gange g\u00e5r vi i dybden med insekters neurobiologi eller evolution\u00e6r \u00f8kologi &#8211; fordi der sker noget virkelig m\u00e6rkeligt derinde.<\/p>\n\n\n\n<p>Et s\u00e6rligt afsnit er viet til arter, der findes i Danmark. Den danske leddyrfauna er rigere, end de fleste tror. Her lever flere arter af jagtedderkopper, vandl\u00f8bere, dykbiller, \u00f8rentvist, mejere og snesevis af arter, som de fleste mennesker ikke aner eksistensen af. Vi gennemg\u00e5r, hvor man finder dem, p\u00e5 hvilke tidspunkter af \u00e5ret, og hvad de egentlig g\u00f8r i \u00f8kosystemet.<\/p>\n\n\n\n<p>Der er ogs\u00e5 materiale til dem, der holder leddyr derhjemme. Pasning, fodring, forhold, sygdomme. Uden un\u00f8dige ord &#8211; kun det, man har brug for at vide.<\/p>\n\n\n\n<p>Sentimentale historier om, hvordan vi blev forelsket i biller som b\u00f8rn, kommer der ikke. Bare materiale skrevet af folk, der ved, hvad de taler om. Vi er nogle gange uenige om detaljerne indbyrdes &#8211; og det er godt, for i entomologi er der mange detaljer, og de betyder noget.<\/p>\n\n\n\n<p>Hvis du finder en fejl &#8211; skriv til os. Hvis du vil fort\u00e6lle om et fund eller stille et sp\u00f8rgsm\u00e5l &#8211; skriv ogs\u00e5. Nogle af de mest interessante artikler begyndte med et foto, som nogen sendte med sp\u00f8rgsm\u00e5let: hvad er det egentlig for noget? Send det. Vi finder ud af det.<\/p>\n","protected":false},"excerpt":{"rendered":"<p>Dette websted opstod af ren frustration. N\u00e5r man s\u00f8ger efter en edderkop, man fandt i sommerhuset, eller en bille, der fl\u00f8j ind ad vinduet om natten, st\u00f8der man som regel p\u00e5 t\u00f8rre lister eller skoleopgavelignende tekster. Ingen liv i det. Ingen forklaring p\u00e5, hvorfor det overhovedet er interessant. Vi l\u00e6ste den slags tekster og t\u00e6nkte: [&hellip;]<\/p>\n","protected":false},"author":1,"featured_media":0,"parent":0,"menu_order":0,"comment_status":"closed","ping_status":"closed","template":"","meta":{"footnotes":""},"class_list":["post-47","page","type-page","status-publish","hentry"],"yoast_head":"<!-- This site is optimized with the Yoast SEO plugin v27.5 - https:\/\/yoast.com\/product\/yoast-seo-wordpress\/ -->\n<title>Om os - Exquisite Goods<\/title>\n<meta name=\"robots\" content=\"index, follow, max-snippet:-1, max-image-preview:large, max-video-preview:-1\" \/>\n<link rel=\"canonical\" href=\"https:\/\/entoweb.dk\/?page_id=47\" \/>\n<meta property=\"og:locale\" content=\"en_US\" \/>\n<meta property=\"og:type\" content=\"article\" \/>\n<meta property=\"og:title\" content=\"Om os - Exquisite Goods\" \/>\n<meta property=\"og:description\" content=\"Dette websted opstod af ren frustration. N\u00e5r man s\u00f8ger efter en edderkop, man fandt i sommerhuset, eller en bille, der fl\u00f8j ind ad vinduet om natten, st\u00f8der man som regel p\u00e5 t\u00f8rre lister eller skoleopgavelignende tekster. Ingen liv i det. Ingen forklaring p\u00e5, hvorfor det overhovedet er interessant. Vi l\u00e6ste den slags tekster og t\u00e6nkte: [&hellip;]\" \/>\n<meta property=\"og:url\" content=\"https:\/\/entoweb.dk\/?page_id=47\" \/>\n<meta property=\"og:site_name\" content=\"Exquisite Goods\" \/>\n<meta property=\"article:modified_time\" content=\"2026-05-03T13:22:31+00:00\" \/>\n<meta name=\"twitter:card\" content=\"summary_large_image\" \/>\n<meta name=\"twitter:label1\" content=\"Est. reading time\" \/>\n\t<meta name=\"twitter:data1\" content=\"3 minutes\" \/>\n<script type=\"application\/ld+json\" class=\"yoast-schema-graph\">{\"@context\":\"https:\\\/\\\/schema.org\",\"@graph\":[{\"@type\":\"WebPage\",\"@id\":\"https:\\\/\\\/entoweb.dk\\\/?page_id=47\",\"url\":\"https:\\\/\\\/entoweb.dk\\\/?page_id=47\",\"name\":\"Om os - Exquisite Goods\",\"isPartOf\":{\"@id\":\"https:\\\/\\\/entoweb.dk\\\/#website\"},\"datePublished\":\"2026-05-03T13:22:29+00:00\",\"dateModified\":\"2026-05-03T13:22:31+00:00\",\"breadcrumb\":{\"@id\":\"https:\\\/\\\/entoweb.dk\\\/?page_id=47#breadcrumb\"},\"inLanguage\":\"en-US\",\"potentialAction\":[{\"@type\":\"ReadAction\",\"target\":[\"https:\\\/\\\/entoweb.dk\\\/?page_id=47\"]}]},{\"@type\":\"BreadcrumbList\",\"@id\":\"https:\\\/\\\/entoweb.dk\\\/?page_id=47#breadcrumb\",\"itemListElement\":[{\"@type\":\"ListItem\",\"position\":1,\"name\":\"Home\",\"item\":\"https:\\\/\\\/entoweb.dk\\\/\"},{\"@type\":\"ListItem\",\"position\":2,\"name\":\"Om os\"}]},{\"@type\":\"WebSite\",\"@id\":\"https:\\\/\\\/entoweb.dk\\\/#website\",\"url\":\"https:\\\/\\\/entoweb.dk\\\/\",\"name\":\"Exquisite Goods\",\"description\":\"\",\"potentialAction\":[{\"@type\":\"SearchAction\",\"target\":{\"@type\":\"EntryPoint\",\"urlTemplate\":\"https:\\\/\\\/entoweb.dk\\\/?s={search_term_string}\"},\"query-input\":{\"@type\":\"PropertyValueSpecification\",\"valueRequired\":true,\"valueName\":\"search_term_string\"}}],\"inLanguage\":\"en-US\"}]}<\/script>\n<!-- \/ Yoast SEO plugin. -->","yoast_head_json":{"title":"Om os - Exquisite Goods","robots":{"index":"index","follow":"follow","max-snippet":"max-snippet:-1","max-image-preview":"max-image-preview:large","max-video-preview":"max-video-preview:-1"},"canonical":"https:\/\/entoweb.dk\/?page_id=47","og_locale":"en_US","og_type":"article","og_title":"Om os - Exquisite Goods","og_description":"Dette websted opstod af ren frustration. N\u00e5r man s\u00f8ger efter en edderkop, man fandt i sommerhuset, eller en bille, der fl\u00f8j ind ad vinduet om natten, st\u00f8der man som regel p\u00e5 t\u00f8rre lister eller skoleopgavelignende tekster. Ingen liv i det. Ingen forklaring p\u00e5, hvorfor det overhovedet er interessant. Vi l\u00e6ste den slags tekster og t\u00e6nkte: [&hellip;]","og_url":"https:\/\/entoweb.dk\/?page_id=47","og_site_name":"Exquisite Goods","article_modified_time":"2026-05-03T13:22:31+00:00","twitter_card":"summary_large_image","twitter_misc":{"Est. reading time":"3 minutes"},"schema":{"@context":"https:\/\/schema.org","@graph":[{"@type":"WebPage","@id":"https:\/\/entoweb.dk\/?page_id=47","url":"https:\/\/entoweb.dk\/?page_id=47","name":"Om os - Exquisite Goods","isPartOf":{"@id":"https:\/\/entoweb.dk\/#website"},"datePublished":"2026-05-03T13:22:29+00:00","dateModified":"2026-05-03T13:22:31+00:00","breadcrumb":{"@id":"https:\/\/entoweb.dk\/?page_id=47#breadcrumb"},"inLanguage":"en-US","potentialAction":[{"@type":"ReadAction","target":["https:\/\/entoweb.dk\/?page_id=47"]}]},{"@type":"BreadcrumbList","@id":"https:\/\/entoweb.dk\/?page_id=47#breadcrumb","itemListElement":[{"@type":"ListItem","position":1,"name":"Home","item":"https:\/\/entoweb.dk\/"},{"@type":"ListItem","position":2,"name":"Om os"}]},{"@type":"WebSite","@id":"https:\/\/entoweb.dk\/#website","url":"https:\/\/entoweb.dk\/","name":"Exquisite Goods","description":"","potentialAction":[{"@type":"SearchAction","target":{"@type":"EntryPoint","urlTemplate":"https:\/\/entoweb.dk\/?s={search_term_string}"},"query-input":{"@type":"PropertyValueSpecification","valueRequired":true,"valueName":"search_term_string"}}],"inLanguage":"en-US"}]}},"_links":{"self":[{"href":"https:\/\/entoweb.dk\/index.php?rest_route=\/wp\/v2\/pages\/47","targetHints":{"allow":["GET"]}}],"collection":[{"href":"https:\/\/entoweb.dk\/index.php?rest_route=\/wp\/v2\/pages"}],"about":[{"href":"https:\/\/entoweb.dk\/index.php?rest_route=\/wp\/v2\/types\/page"}],"author":[{"embeddable":true,"href":"https:\/\/entoweb.dk\/index.php?rest_route=\/wp\/v2\/users\/1"}],"replies":[{"embeddable":true,"href":"https:\/\/entoweb.dk\/index.php?rest_route=%2Fwp%2Fv2%2Fcomments&post=47"}],"version-history":[{"count":1,"href":"https:\/\/entoweb.dk\/index.php?rest_route=\/wp\/v2\/pages\/47\/revisions"}],"predecessor-version":[{"id":48,"href":"https:\/\/entoweb.dk\/index.php?rest_route=\/wp\/v2\/pages\/47\/revisions\/48"}],"wp:attachment":[{"href":"https:\/\/entoweb.dk\/index.php?rest_route=%2Fwp%2Fv2%2Fmedia&parent=47"}],"curies":[{"name":"wp","href":"https:\/\/api.w.org\/{rel}","templated":true}]}}